{"id":69,"date":"2020-05-05T11:08:35","date_gmt":"2020-05-05T11:08:35","guid":{"rendered":"http:\/\/rothfuss-training.de\/?page_id=69"},"modified":"2020-05-09T18:57:27","modified_gmt":"2020-05-09T18:57:27","slug":"home","status":"publish","type":"page","link":"https:\/\/rothfuss-training.de\/","title":{"rendered":"Angebotsfahnung l\u00e4uft!"},"content":{"rendered":"<h2>Angebote in lukrative Auftr\u00e4ge verwandeln und Umsatz steigern &#8211; so geht&#8217;s<\/h2>\n<h2><\/h2>\n<h3>Sie machen Ihren Kunden Angebote &#8211; und das war&#8217;s?<\/h3>\n<\/p>\n<p>Damit ist jetzt Schluss! Ich zeige Ihnen, wie Sie Ihre Angebote in attraktive Auftr\u00e4ge verwandeln k\u00f6nnen.<\/p>\n<p>Sie haben es verdient, dass Ihre Kunden Ihre Angebote auch annehmen. Mit den richtigen Strategien gelingt das sogar sehr leicht.<\/p>\n<h2><\/h2>\n<h2>Unternehmen wollen mehr Umsatz. Wenn Ihr Angebot Ihren Kunden dabei hilft, werden sie kaufen. Helfen Sie Ihren Kunden dabei!<\/h2>\n<h2><\/h2>\n<h2><\/h2>\n<h2>Brauchen Unternehmen Ihre Leistungen, aber es kommt trotzdem nicht zum Abschluss? Dann verfolgen Sie Ihre Angebote. Ansonsten ist das unterlassene Hilfeleistung!<\/h2>\n<\/p>\n<p><span><img alt=\"Erste Hilfe bei der Auftragsfahndung durch Ingrid Rothfuss\" data-id=\"135\" width=\"497\" data-init-width=\"1920\" height=\"292\" data-init-height=\"1127\" title=\"Erste Hilfe bei der Auftragsfahndung durch Ingrid Rothfuss\" loading=\"lazy\" src=\"\/\/rothfuss-training.de\/wp-content\/uploads\/2020\/05\/doctor-1015624_Bild-von-Peggy-und-Marco-Lachmann-Anke-auf-Pixabay.jpg\" data-width=\"497\" data-height=\"292\" style=\"\" ml-d=\"0\"><\/span><\/p>\n<h2>\u200b<\/h2>\n<p><span style=\"width: 100%;\"><img alt=\"\" width=\"180\" height=\"180\" title=\"question-mark-1019820_Bild-von-Peggy-und-Marco-Lachmann-Anke-auf-Pixabay\" data-id=\"136\" src=\"\/\/rothfuss-training.de\/wp-content\/uploads\/2020\/05\/question-mark-1019820_Bild-von-Peggy-und-Marco-Lachmann-Anke-auf-Pixabay.jpg\" style=\"\" data-width=\"180\" data-height=\"180\" data-init-width=\"1920\" data-init-height=\"1920\" loading=\"lazy\"><\/span><\/p>\n<h3><\/h3>\n<h3><\/h3>\n<h3>Ist Ihren Kunden glasklar, welchen Nutzen Sie ihnen bringen?<\/h3>\n<p><span style=\"width: 100%;\"><img alt=\"\" width=\"180\" height=\"180\" title=\"question-mark-1019820_Bild-von-Peggy-und-Marco-Lachmann-Anke-auf-Pixabay\" data-id=\"136\" src=\"\/\/rothfuss-training.de\/wp-content\/uploads\/2020\/05\/question-mark-1019820_Bild-von-Peggy-und-Marco-Lachmann-Anke-auf-Pixabay.jpg\" style=\"\" data-width=\"180\" data-height=\"180\" data-init-width=\"1920\" data-init-height=\"1920\" loading=\"lazy\"><\/span><\/p>\n<h3><\/h3>\n<h3><\/h3>\n<h3>Ist das Ihnen und Ihren Mitarbeitern klar?<\/h3>\n<p><span style=\"width: 100%;\"><img alt=\"\" width=\"180\" height=\"180\" title=\"question-mark-1019820_Bild-von-Peggy-und-Marco-Lachmann-Anke-auf-Pixabay\" data-id=\"136\" src=\"\/\/rothfuss-training.de\/wp-content\/uploads\/2020\/05\/question-mark-1019820_Bild-von-Peggy-und-Marco-Lachmann-Anke-auf-Pixabay.jpg\" style=\"\" data-width=\"180\" data-height=\"180\" data-init-width=\"1920\" data-init-height=\"1920\" loading=\"lazy\"><\/span><\/p>\n<h3><\/h3>\n<h3>Haben Sie bereits alle Register gezogen, um Ihr wertvolles Angebot in einen attraktiven Auftrag zu verwandeln?<\/h3>\n<h2><\/h2>\n<h2><\/h2>\n<h2>Falls nicht, dann sollten Sie Ma\u00dfnahmen ergreifen, damit Ihre Kunden von Ihren Leistungen auch tats\u00e4chlich profitieren.<\/h2>\n<\/p>\n<h2><\/h2>\n<h2>Jedes Angebot, das im Sand verl\u00e4uft, ist eine unterlassene Hilfeleistung. Lassen Sie Ihre Kunden nicht h\u00e4ngen und unterst\u00fctzen Sie Ihre Kunden mit Ihrer Leistung!<\/h2>\n<h2><\/h2>\n<h2><\/h2>\n<h2>Hochwertige Produkte und Dienstleistungen machen die Welt ein St\u00fcckchen besser. Aber nur, wenn Ihre Kunden den Nutzen verstehen und Ihr Angebot annehmen. Die richtigen Strategien helfen Ihnen dabei. Ich zeige Ihnen, wie das geht.<\/h2>\n<h2><\/h2>\n<h2><\/h2>\n<h2>Drei einfache Schritte:<\/h2>\n<p><strong>1. Schritt:<\/strong><\/p>\n<p>30 Minuten Gratis-Coaching-Termin vereinbaren. Erfahren Sie, auf welche Weise Sie nach Ihren Angeboten fahnden k\u00f6nnen.&nbsp;<\/p>\n<p><strong>2. Schritt:<\/strong><\/p>\n<p>Die Techniken der Angebotsfahndung anwenden und dabei selbst immer besser werden.<\/p>\n<p><strong>3. Schritt:<\/strong><\/p>\n<p>Ihre Erfolgsquote feiern. Viele unserer Kunden k\u00f6nnen die Abschlussquote um mehr als das Doppelte verbessern.<\/p>\n<\/p>\n<h2>Das sagen zufriedene Kunden<\/h2>\n<h1 style=\"text-align: right;\">Bianca T.<\/h1>\n<h1 style=\"text-align: right;\">\u200b<\/h1>\n<p>Die 4-Fragen-Technik, konnte ich bei meiner Projektverfolgung mehrmals mit Erfolg umsetzen. Bei einem Kunden, den ich jetzt bereits schon viele Jahre beruflich &#8222;kenne&#8220;, habe ich durch diese Fragetechnik mehr Informationen erhalten, als in den Jahren zuvor. Ich bin schon lange nicht mehr so motiviert und erfolgsorientiert arbeiten gegangen. Daf\u00fcr m\u00f6chte ich mich bei Ihnen ganz herzlich bedanken.<\/p>\n<h1 style=\"text-align: right;\">Marco v. N.<\/h1>\n<h1 style=\"text-align: right;\">\u200b<\/h1>\n<p>Das Seminar hat einem neue Blickpunkte auf allt\u00e4gliche Situationen gegeben und einem gezeigt, dass einem oftmals schwerwiegende Fehler unterlaufen, die es zu vermeiden gilt. Zudem hat Frau Rothfu\u00df Techniken und Beispiele aufgezeigt, um eine h\u00f6here Erfolgsquote zu generieren. Dadurch kann man viel f\u00fcr den Alltag mitnehmen.<\/p>\n<p>Haben Sie Fragen? Ich helfe Ihnen gerne:&nbsp;<a href=\"tel:08105773268\" style=\"outline: none;\" target=\"_blank\" rel=\"noopener noreferrer\">+49 (0)8105 &#8211; 77 32 68<\/a><\/p>\n<h2><\/h2>\n<h2>\u00dcber mich<\/h2>\n<p>Seit 1990 telefoniere und akquiriere ich f\u00fcr Unternehmen aus den verschiedensten Branchen. Seit 2000 hat sich der Schwerpunkt meiner T\u00e4tigkeit auf das Telefontraining und die Akquise-Beratung verlagert. Die Themen meiner Seminare und Einzelcoachings richten sich passgenau an den Bed\u00fcrfnissen der Teilnehmer aus. Gerne lasse ich andere von meinen Erfahrungen profitieren.Mein Ansatz, mit Herz und Humor zu telefonieren und zu schulen, hat sich als h\u00f6chst erfolgreich erwiesen. Diese Erfahrung hat mich dazu veranlasst, 2009 eine Ausbildung zur Humortrainerin zu absolvieren. Mein besonderes Interesse liegt darin, den Einsatz von Humor in der Gesch\u00e4ftswelt zu f\u00f6rdern und zu trainieren.<\/p>\n<p><span><img alt=\"Auftragsfahnderin Ingrid Rothfuss\" data-id=\"117\" width=\"532\" data-init-width=\"1437\" height=\"352\" data-init-height=\"952\" title=\"Auftragsfahnderin Ingrid Rothfuss\" loading=\"lazy\" src=\"\/\/rothfuss-training.de\/wp-content\/uploads\/2020\/05\/Bild3.png\" data-width=\"532\" data-height=\"352\" style=\"\"><\/span><\/p>\n","protected":false},"excerpt":{"rendered":"<p>Angebote in lukrative Auftr\u00e4ge verwandeln und Umsatz steigern &#8211; so geht&#8217;s Sie machen Ihren Kunden Angebote &#8211; und das war&#8217;s? Damit ist jetzt Schluss! Ich zeige Ihnen, wie Sie Ihre Angebote in attraktive Auftr\u00e4ge verwandeln k\u00f6nnen. Sie haben es verdient, dass Ihre Kunden Ihre Angebote auch annehmen. Mit den richtigen Strategien gelingt das sogar sehr [&hellip;]<\/p>\n","protected":false},"author":1,"featured_media":117,"parent":0,"menu_order":0,"comment_status":"closed","ping_status":"closed","template":"","meta":[],"yoast_head":"<!-- This site is optimized with the Yoast SEO plugin v19.0 - https:\/\/yoast.com\/wordpress\/plugins\/seo\/ -->\n<title>Angebotsfahnung l\u00e4uft! - Rothfuss-Training<\/title>\n<meta name=\"robots\" content=\"index, follow, max-snippet:-1, max-image-preview:large, max-video-preview:-1\" \/>\n<link rel=\"canonical\" href=\"https:\/\/rothfuss-training.de\/\" \/>\n<meta property=\"og:locale\" content=\"de_DE\" \/>\n<meta property=\"og:type\" content=\"article\" \/>\n<meta property=\"og:title\" content=\"Angebotsfahnung l\u00e4uft! - Rothfuss-Training\" \/>\n<meta property=\"og:description\" content=\"Angebote in lukrative Auftr\u00e4ge verwandeln und Umsatz steigern &#8211; so geht&#8217;s Sie machen Ihren Kunden Angebote &#8211; und das war&#8217;s? Damit ist jetzt Schluss! Ich zeige Ihnen, wie Sie Ihre Angebote in attraktive Auftr\u00e4ge verwandeln k\u00f6nnen. Sie haben es verdient, dass Ihre Kunden Ihre Angebote auch annehmen. Mit den richtigen Strategien gelingt das sogar sehr [&hellip;]\" \/>\n<meta property=\"og:url\" content=\"https:\/\/rothfuss-training.de\/\" \/>\n<meta property=\"og:site_name\" content=\"Rothfuss-Training\" \/>\n<meta property=\"article:modified_time\" content=\"2020-05-09T18:57:27+00:00\" \/>\n<meta property=\"og:image\" content=\"http:\/\/rothfuss-training.de\/wp-content\/uploads\/2020\/05\/Bild3.png\" \/>\n\t<meta property=\"og:image:width\" content=\"1437\" \/>\n\t<meta property=\"og:image:height\" content=\"952\" \/>\n\t<meta property=\"og:image:type\" content=\"image\/png\" \/>\n<meta name=\"twitter:card\" content=\"summary_large_image\" \/>\n<meta name=\"twitter:label1\" content=\"Gesch\u00e4tzte Lesezeit\" \/>\n\t<meta name=\"twitter:data1\" content=\"2\u00a0Minuten\" \/>\n<script type=\"application\/ld+json\" class=\"yoast-schema-graph\">{\"@context\":\"https:\/\/schema.org\",\"@graph\":[{\"@type\":\"WebSite\",\"@id\":\"https:\/\/rothfuss-training.de\/#website\",\"url\":\"https:\/\/rothfuss-training.de\/\",\"name\":\"Rothfuss-Training\",\"description\":\"Humorvoll, kompetent, kreativ\",\"potentialAction\":[{\"@type\":\"SearchAction\",\"target\":{\"@type\":\"EntryPoint\",\"urlTemplate\":\"https:\/\/rothfuss-training.de\/?s={search_term_string}\"},\"query-input\":\"required name=search_term_string\"}],\"inLanguage\":\"de\"},{\"@type\":\"ImageObject\",\"inLanguage\":\"de\",\"@id\":\"https:\/\/rothfuss-training.de\/#primaryimage\",\"url\":\"https:\/\/rothfuss-training.de\/wp-content\/uploads\/2020\/05\/Bild3.png\",\"contentUrl\":\"https:\/\/rothfuss-training.de\/wp-content\/uploads\/2020\/05\/Bild3.png\",\"width\":1437,\"height\":952,\"caption\":\"Auftragsfahnderin Ingrid Rothfuss\"},{\"@type\":\"WebPage\",\"@id\":\"https:\/\/rothfuss-training.de\/#webpage\",\"url\":\"https:\/\/rothfuss-training.de\/\",\"name\":\"Angebotsfahnung l\u00e4uft! - Rothfuss-Training\",\"isPartOf\":{\"@id\":\"https:\/\/rothfuss-training.de\/#website\"},\"primaryImageOfPage\":{\"@id\":\"https:\/\/rothfuss-training.de\/#primaryimage\"},\"datePublished\":\"2020-05-05T11:08:35+00:00\",\"dateModified\":\"2020-05-09T18:57:27+00:00\",\"breadcrumb\":{\"@id\":\"https:\/\/rothfuss-training.de\/#breadcrumb\"},\"inLanguage\":\"de\",\"potentialAction\":[{\"@type\":\"ReadAction\",\"target\":[\"https:\/\/rothfuss-training.de\/\"]}]},{\"@type\":\"BreadcrumbList\",\"@id\":\"https:\/\/rothfuss-training.de\/#breadcrumb\",\"itemListElement\":[{\"@type\":\"ListItem\",\"position\":1,\"name\":\"Startseite\",\"item\":\"https:\/\/rothfuss-training.de\/\"},{\"@type\":\"ListItem\",\"position\":2,\"name\":\"Angebotsfahnung l\u00e4uft!\"}]}]}<\/script>\n<!-- \/ Yoast SEO plugin. -->","yoast_head_json":{"title":"Angebotsfahnung l\u00e4uft! - Rothfuss-Training","robots":{"index":"index","follow":"follow","max-snippet":"max-snippet:-1","max-image-preview":"max-image-preview:large","max-video-preview":"max-video-preview:-1"},"canonical":"https:\/\/rothfuss-training.de\/","og_locale":"de_DE","og_type":"article","og_title":"Angebotsfahnung l\u00e4uft! - Rothfuss-Training","og_description":"Angebote in lukrative Auftr\u00e4ge verwandeln und Umsatz steigern &#8211; so geht&#8217;s Sie machen Ihren Kunden Angebote &#8211; und das war&#8217;s? Damit ist jetzt Schluss! Ich zeige Ihnen, wie Sie Ihre Angebote in attraktive Auftr\u00e4ge verwandeln k\u00f6nnen. Sie haben es verdient, dass Ihre Kunden Ihre Angebote auch annehmen. Mit den richtigen Strategien gelingt das sogar sehr [&hellip;]","og_url":"https:\/\/rothfuss-training.de\/","og_site_name":"Rothfuss-Training","article_modified_time":"2020-05-09T18:57:27+00:00","og_image":[{"width":1437,"height":952,"url":"http:\/\/rothfuss-training.de\/wp-content\/uploads\/2020\/05\/Bild3.png","type":"image\/png"}],"twitter_card":"summary_large_image","twitter_misc":{"Gesch\u00e4tzte Lesezeit":"2\u00a0Minuten"},"schema":{"@context":"https:\/\/schema.org","@graph":[{"@type":"WebSite","@id":"https:\/\/rothfuss-training.de\/#website","url":"https:\/\/rothfuss-training.de\/","name":"Rothfuss-Training","description":"Humorvoll, kompetent, kreativ","potentialAction":[{"@type":"SearchAction","target":{"@type":"EntryPoint","urlTemplate":"https:\/\/rothfuss-training.de\/?s={search_term_string}"},"query-input":"required name=search_term_string"}],"inLanguage":"de"},{"@type":"ImageObject","inLanguage":"de","@id":"https:\/\/rothfuss-training.de\/#primaryimage","url":"https:\/\/rothfuss-training.de\/wp-content\/uploads\/2020\/05\/Bild3.png","contentUrl":"https:\/\/rothfuss-training.de\/wp-content\/uploads\/2020\/05\/Bild3.png","width":1437,"height":952,"caption":"Auftragsfahnderin Ingrid Rothfuss"},{"@type":"WebPage","@id":"https:\/\/rothfuss-training.de\/#webpage","url":"https:\/\/rothfuss-training.de\/","name":"Angebotsfahnung l\u00e4uft! - Rothfuss-Training","isPartOf":{"@id":"https:\/\/rothfuss-training.de\/#website"},"primaryImageOfPage":{"@id":"https:\/\/rothfuss-training.de\/#primaryimage"},"datePublished":"2020-05-05T11:08:35+00:00","dateModified":"2020-05-09T18:57:27+00:00","breadcrumb":{"@id":"https:\/\/rothfuss-training.de\/#breadcrumb"},"inLanguage":"de","potentialAction":[{"@type":"ReadAction","target":["https:\/\/rothfuss-training.de\/"]}]},{"@type":"BreadcrumbList","@id":"https:\/\/rothfuss-training.de\/#breadcrumb","itemListElement":[{"@type":"ListItem","position":1,"name":"Startseite","item":"https:\/\/rothfuss-training.de\/"},{"@type":"ListItem","position":2,"name":"Angebotsfahnung l\u00e4uft!"}]}]}},"_links":{"self":[{"href":"https:\/\/rothfuss-training.de\/index.php?rest_route=\/wp\/v2\/pages\/69"}],"collection":[{"href":"https:\/\/rothfuss-training.de\/index.php?rest_route=\/wp\/v2\/pages"}],"about":[{"href":"https:\/\/rothfuss-training.de\/index.php?rest_route=\/wp\/v2\/types\/page"}],"author":[{"embeddable":true,"href":"https:\/\/rothfuss-training.de\/index.php?rest_route=\/wp\/v2\/users\/1"}],"replies":[{"embeddable":true,"href":"https:\/\/rothfuss-training.de\/index.php?rest_route=%2Fwp%2Fv2%2Fcomments&post=69"}],"version-history":[{"count":20,"href":"https:\/\/rothfuss-training.de\/index.php?rest_route=\/wp\/v2\/pages\/69\/revisions"}],"predecessor-version":[{"id":148,"href":"https:\/\/rothfuss-training.de\/index.php?rest_route=\/wp\/v2\/pages\/69\/revisions\/148"}],"wp:featuredmedia":[{"embeddable":true,"href":"https:\/\/rothfuss-training.de\/index.php?rest_route=\/wp\/v2\/media\/117"}],"wp:attachment":[{"href":"https:\/\/rothfuss-training.de\/index.php?rest_route=%2Fwp%2Fv2%2Fmedia&parent=69"}],"curies":[{"name":"wp","href":"https:\/\/api.w.org\/{rel}","templated":true}]}}